{"id":21927,"date":"2023-07-11T12:40:40","date_gmt":"2023-07-11T10:40:40","guid":{"rendered":"https:\/\/ggi-initiative.at\/wp\/?page_id=21927"},"modified":"2023-07-11T12:40:42","modified_gmt":"2023-07-11T10:40:42","slug":"pm-42-contact-tracing-zum-scheitern-verurteilter-dauerrueckstand","status":"publish","type":"page","link":"https:\/\/ggi-initiative.at\/wp\/pm-42-contact-tracing-zum-scheitern-verurteilter-dauerrueckstand\/","title":{"rendered":"PM: #42 Contact tracing &#8211; zum Scheitern verurteilter Dauerr\u00fcckstand"},"content":{"rendered":"\n<p>Presseaussendung der GGI-Initiative am 11.07.2023<\/p>\n\n\n\n<p><strong>Contact tracing bzw. Kontaktverfolgung ist das Ermitteln von F\u00e4llen einer Infektionskrankheit und Personen, die mit dieser in Ber\u00fchrung gekommen sind. F\u00fcr Atemwegsviren ist das aber zwecklos, sogar die WHO hat noch 2019 f\u00fcr Influenza davon abgeraten. In \u00d6sterreich und weltweit ist das Covid-bezogene contact tracing krachend gescheitert. Dies war jedoch vorhersehbar, man hat die M\u00f6glichkeit eines saisonalen Triggers bei Sars-Cov-2 nicht ber\u00fccksichtigt. F\u00fcr k\u00fcnftige Krisen fordern wir, Geldmittel vern\u00fcnftig einzusetzen und auf absehbar zwecklose Methoden zu verzichten.<\/strong><\/p>\n\n\n\n<h4 class=\"wp-block-heading\">Zweck und Herausforderungen der Kontaktverfolgung<\/h4>\n\n\n\n<p>Grassiert eine ansteckende Krankheit, so scheint es zun\u00e4chst sinnvoll, F\u00e4lle so fr\u00fch wie m\u00f6glich zu finden und aus dem Verbreitungsgeschehen herauszunehmen. Das ist die Idee, die der Nachverfolgung von Kontakten &#8211; bekannt geworden als <em>contact tracing<\/em> &#8211; zugrunde liegt. Grunds\u00e4tzlich geht es dabei um klare Infektionskrankheiten (Syphilis, Masern, Tuberkulose, etc.). Allein damit sind einige Schwierigkeiten verbunden, u. a. die Klassiker im Gesundheitswesen wie Personalmangel, Stigmatisierung Betroffener und fehlende Absicherung bei Isolation bzw. Quarant\u00e4ne. [1]<\/p>\n\n\n\n<p>Weitere Probleme kommen dazu, sobald es um Atemwegserkrankungen (z.B. Grippe) geht. Im Fall epidemischer oder pandemischer Influenza r\u00e4t sogar die WHO noch 2019 mangels aussagekr\u00e4ftiger Evidenz ausdr\u00fccklich davon ab. [2] Erst Anfang dieses Jahres wurde eine Arbeitsgruppe eingerichtet, um eine Richtlinie f\u00fcr contact tracing zu erarbeiten. [3]<\/p>\n\n\n\n<h4 class=\"wp-block-heading\">Aufwendige Suche nach Clustern<\/h4>\n\n\n\n<p>In \u00d6sterreich wurde die Methode nach dem ersten Lockdown implementiert. Gesundheitsministerium, L\u00e4nder und AGES bem\u00fchten sich, Informationen zum Personenkreis von positiven F\u00e4llen zu finden, sog. <em>Cluster<\/em> (Netzwerke von Erst- und Folgef\u00e4llen) zu ermitteln um dann durch Absonderung deren Ausbreitung zu stoppen. In den beiden ersten Jahren der Corona-Krise wurde contact tracing zum allt\u00e4glichen Bestandteil vieler Menschen im Land und weltweit.<\/p>\n\n\n\n<p>Doch dieses Bem\u00fchen war nicht von Erfolg gekr\u00f6nt. Bereits im Lauf des Jahres 2020 hat sich ein Versagen der Methode abgezeichnet. [4] Ende 2021 stand das krachende Scheitern fest, nur noch gering zweistellige Zahlen konnten gel\u00f6st werden. [5], [6] Im Lauf des ersten Halbjahres 2022 erfolgte die komplette Einstellung. [7]<\/p>\n\n\n\n<h4 class=\"wp-block-heading\">Scheitern mit Anlauf<\/h4>\n\n\n\n<p>Was war passiert? Experten und Medien \u00fcberschlugen sich mit Erkl\u00e4rungsversuchen und Schuldzuweisungen: Software-L\u00f6sungen umfassen sehr viele Aspekte, das Problem schien zu komplex. [8] Nationale und internationale Koordination w\u00fcrde nicht funktionieren. [9] Freiwilligkeit und zunehmende Verweigerungshaltung seien problematisch, die Bev\u00f6lkerung sei schuld. [10]<\/p>\n\n\n\n<p>Dabei liegt eine Erkl\u00e4rung im Besonderen auf der Hand. In einer vergangenen Aussendung haben wir auf das Ph\u00e4nomen des <a rel=\"noreferrer noopener\" target=\"_blank\" href=\"https:\/\/ggi-initiative.at\/wp\/pm-34-grippe-oder-sars-cov-2-wer-suchet-der-findet\/\">saisonalen Trigger<\/a>s hingewiesen. Dieser steht im Gegensatz zum <a rel=\"noreferrer noopener\" target=\"_blank\" href=\"https:\/\/ggi-initiative.at\/wp\/pm-31-der-r-wert-kennzahl-mit-wenig-aussagekraft\/\">R-Wert,<\/a> welcher f\u00e4lschlicherweise zum allein bestimmenden Faktor der Pandemie erkl\u00e4rt wurde. Die Trigger-Theorie besagt vereinfacht, dass Erreger &#8211; insbesondere Atemwegsviren &#8211; sich wochen- bis monatelang vor einer Welle an Krankheitsf\u00e4llen verbreiten. Als Ursachen f\u00fcr den sp\u00e4teren Ausbruch vermutet man ver\u00e4nderte Ern\u00e4hrung, verringerte Au\u00dfentemperatur, weniger Sonnenstunden, Expression unterschiedlicher Gene uvm. Die Saisonalit\u00e4t ist eine wesentliche Eigenschaft solcher Ausbr\u00fcche, welche zwangsl\u00e4ufig &#8211; zum H\u00f6hepunkt einer Welle &#8211; von selbst wieder zur\u00fcckgehen. [11]<\/p>\n\n\n\n<p>Auch nach der R-Wert Theorie ist Kontaktverfolgung nur zielf\u00fchrend, wenn es sich bei einem Ausbruch um ein isoliertes, lokales Ereignis handelt und die Anzahl der Infizierten gering ist. Je nach \u00dcbertragungsgeschwindigkeit des Virus kann diese Zahl gr\u00f6\u00dfer oder kleiner sein. Ist die Ausbreitung jedoch bereits im drei- bis vierstelligen Bereich, nicht mehr regional beschr\u00e4nkt und handelt es sich um einen leicht \u00fcbertragbaren Erreger, gilt die Eind\u00e4mmungsstrategie &#8211; welche das Contact tracing verfolgt &#8211; als gescheitert. Dass insbesondere die weite Verbreitung ab Anfang 2020 jedenfalls h\u00e4tte in Betracht gezogen werden m\u00fcssen, haben wir ebenfalls in einer Aussendung aufgezeigt. [12]<\/p>\n\n\n\n<p>Folglich war die Zwecklosigkeit, F\u00e4llen und Kontakten nachzutelefonieren und angebliche Cluster zu ermitteln, bereits fr\u00fchzeitig absehbar. Es spielt nicht einmal eine Rolle, ob sich der Begriff der Inzidenz auf positive PCR-Tests oder tats\u00e4chliche Krankheitsf\u00e4lle bezieht. [13]<\/p>\n\n\n\n<h4 class=\"wp-block-heading\">Sinnvoller Einsatz von Ressourcen<\/h4>\n\n\n\n<p>Es ist davon auszugehen, dass die Mehrheit der &#8216;F\u00e4lle&#8217; auch mit Absonderung nicht mehr zu verhindern war. Contact tracing ist gescheitert, jedoch nicht wegen der fadenscheinigen Erkl\u00e4rungen der Experten; sondern weil die Methode auf daf\u00fcr nicht vorgesehene Szenarien angewandt wurde. Das Szenario des saisonalen Triggers h\u00e4tte bereits vor dem ersten Lockdown zumindest in Betracht gezogen werden m\u00fcssen.<\/p>\n\n\n\n<p>Wir <strong>(GGI = Gr\u00fcner Verein f\u00fcr Grundrechte und Informationsfreiheit)<\/strong> fordern einmal mehr: Einseitige Scheinexpertise darf nicht l\u00e4nger toleriert werden. Geldmittel m\u00fcssen bei Krisen sinnvoll eingesetzt und untaugliche Ma\u00dfnahmen fr\u00fchzeitig beendet werden. <strong>Kritikf\u00e4higkeit, Besonnenheit<\/strong> und das Einbeziehen von <strong>unabh\u00e4ngigen Experten<\/strong> und Vertretern aus allen Bereichen des gesellschaftlichen Lebens sind sicherzustellen.<\/p>\n\n\n\n<p>Zu guter Letzt sei der Regierung noch eine alte Indianerweisheit mitgegeben: <strong><em>&#8220;Wenn du merkst, dass du ein totes Pferd reitest, steig ab.&#8221;<\/em><\/strong> Denn es ist aussichtslos, eine Task-Force zu gr\u00fcnden, um ein totes Pferd wiederzubeleben.<\/p>\n\n\n\n<h4 class=\"wp-block-heading\">Quellenangaben<\/h4>\n\n\n\n<p>[1] Brandt A. <em>The History of Contact Tracing and the Future of Public Health<\/em>. Am J Public Health, 2022. DOI: <a rel=\"noreferrer noopener\" target=\"_blank\" href=\"https:\/\/ajph.aphapublications.org\/doi\/10.2105\/AJPH.2022.306949\">https:\/\/ajph.aphapublications.org\/doi\/10.2105\/AJPH.2022.306949<\/a><\/p>\n\n\n\n<p>[2] World Health Organization. <em>Non-pharmaceutical public health measures for mitigating the risk and impact of epidemic and pandemic influenza<\/em>. 2019. online: <a rel=\"noreferrer noopener\" target=\"_blank\" href=\"https:\/\/apps.who.int\/iris\/bitstream\/handle\/10665\/329438\/9789241516839-eng.pdf\">https:\/\/apps.who.int\/iris\/bitstream\/handle\/10665\/329438\/9789241516839-eng.pdf<\/a><\/p>\n\n\n\n<p>[3] World Health Organization. <em>Call for Expressions of Interest: Guideline Development Group for WHO Guideline on Contact Tracing<\/em>. 2023. online: <a rel=\"noreferrer noopener\" target=\"_blank\" href=\"https:\/\/www.who.int\/news-room\/articles-detail\/call-for-expressions-of-interest--guideline-development-group-for-who-guideline-on-contact-tracing\">https:\/\/www.who.int\/news-room\/articles-detail\/call-for-expressions-of-interest&#8211;guideline-development-group-for-who-guideline-on-contact-tracing<\/a><\/p>\n\n\n\n<p>[4] Mayer P. <em>Kontakt-Verfolgung sinnlos und nicht mehr machbar?<\/em> TKP, 2020. online: <a rel=\"noreferrer noopener\" target=\"_blank\" href=\"https:\/\/tkp.at\/2020\/10\/24\/kontakt-verfolgung-sinnlos-und-nicht-mehr-machbar\">https:\/\/tkp.at\/2020\/10\/24\/kontakt-verfolgung-sinnlos-und-nicht-mehr-machbar<\/a><\/p>\n\n\n\n<p>[5] Red. <em>Massive Probleme beim Contact Tracing in \u00d6sterreich<\/em>. Russmedia Digital GmbH, 2021. online: <a rel=\"noreferrer noopener\" target=\"_blank\" href=\"https:\/\/www.vienna.at\/massive-probleme-beim-contact-tracing-in-oesterreich\">https:\/\/www.vienna.at\/massive-probleme-beim-contact-tracing-in-oesterreich<\/a><\/p>\n\n\n\n<p>[6] Red. <em>Contact-Tracing soll weitergehen<\/em>. \u00d6sterreichischer Rundfunk &#8211; Stiftung \u00f6ffentlichen Rechts, 2022. online: <a rel=\"noreferrer noopener\" target=\"_blank\" href=\"https:\/\/wien.orf.at\/stories\/3140084\">https:\/\/wien.orf.at\/stories\/3140084<\/a><\/p>\n\n\n\n<p>[7] Red. <em>Corona: Contact Tracing wird mit Quarant\u00e4ne-Aus beendet<\/em>. Russmedia Digital GmbH, 2022. online: <a rel=\"noreferrer noopener\" target=\"_blank\" href=\"https:\/\/www.vienna.at\/massive-probleme-beim-contact-tracing-in-oesterreich\">https:\/\/www.vienna.at\/massive-probleme-beim-contact-tracing-in-oesterreich<\/a><\/p>\n\n\n\n<p>[8] Drees J. <em>Why contact tracing apps fail: IT experts share 5 reasons<\/em>. Becker&#8217;s Healthcare, 2020. online: <a rel=\"noreferrer noopener\" target=\"_blank\" href=\"https:\/\/www.beckershospitalreview.com\/healthcare-information-technology\/why-contact-tracing-apps-fail-it-experts-share-5-reasons.html\">https:\/\/www.beckershospitalreview.com\/healthcare-information-technology\/why-contact-tracing-apps-fail-it-experts-share-5-reasons.html<\/a><\/p>\n\n\n\n<p>[9] Clark E. &amp; al. <em>Why Contact Tracing Efforts Have Failed to Curb Coronavirus Disease 2019 (COVID-19) Transmission in Much of the United States<\/em>. Clin Infect Dis, 72(9), pp e415\u2013e419, 2021. DOI: <a rel=\"noreferrer noopener\" target=\"_blank\" href=\"https:\/\/doi.org\/10.1093\/cid\/ciaa1155\">https:\/\/doi.org\/10.1093\/cid\/ciaa1155<\/a><\/p>\n\n\n\n<p>[10] Red. <em>H\u00fcrden beim Contact-Tracing<\/em>. \u00d6sterreichischer Rundfunk &#8211; Stiftung \u00f6ffentlichen Rechts, 2022. online: <a rel=\"noreferrer noopener\" target=\"_blank\" href=\"https:\/\/orf.at\/stories\/3202123\">https:\/\/orf.at\/stories\/3202123<\/a><\/p>\n\n\n\n<p>[11] Gr\u00fcner Verein f\u00fcr Grundrechte und Informationsfreiheit. <em>PM: #31 Der R-Wert \u2013 Kennzahl mit wenig Aussagekraft<\/em>. 2023. online: <a rel=\"noreferrer noopener\" target=\"_blank\" href=\"https:\/\/ggi-initiative.at\/wp\/pm-31-der-r-wert-kennzahl-mit-wenig-aussagekraft\">https:\/\/ggi-initiative.at\/wp\/pm-31-der-r-wert-kennzahl-mit-wenig-aussagekraft<\/a><\/p>\n\n\n\n<p>[12] Gr\u00fcner Verein f\u00fcr Grundrechte und Informationsfreiheit. <em>PM: #34 Grippe oder Sars-Cov-2? Wer suchet, der findet!<\/em> 2023. online: <a rel=\"noreferrer noopener\" target=\"_blank\" href=\"https:\/\/ggi-initiative.at\/wp\/pm-34-grippe-oder-sars-cov-2-wer-suchet-der-findet\">https:\/\/ggi-initiative.at\/wp\/pm-34-grippe-oder-sars-cov-2-wer-suchet-der-findet<\/a><\/p>\n\n\n\n<p>[13] Gr\u00fcner Verein f\u00fcr Grundrechte und Informationsfreiheit. <em>Let&#8217;s Talk About&#8230;Inzidenz<\/em>. 2023. online: <a rel=\"noreferrer noopener\" target=\"_blank\" href=\"https:\/\/ggi-initiative.at\/wp\/inzidenz\">https:\/\/ggi-initiative.at\/wp\/inzidenz<\/a><\/p>\n","protected":false},"excerpt":{"rendered":"<p>Presseaussendung der GGI-Initiative am 11.07.2023 Contact tracing bzw. Kontaktverfolgung ist das Ermitteln [&hellip;]<\/p>\n","protected":false},"author":4,"featured_media":0,"parent":0,"menu_order":0,"comment_status":"open","ping_status":"closed","template":"","meta":{"footnotes":""},"class_list":["post-21927","page","type-page","status-publish","hentry"],"aioseo_notices":[],"_links":{"self":[{"href":"https:\/\/ggi-initiative.at\/wp\/wp-json\/wp\/v2\/pages\/21927","targetHints":{"allow":["GET"]}}],"collection":[{"href":"https:\/\/ggi-initiative.at\/wp\/wp-json\/wp\/v2\/pages"}],"about":[{"href":"https:\/\/ggi-initiative.at\/wp\/wp-json\/wp\/v2\/types\/page"}],"author":[{"embeddable":true,"href":"https:\/\/ggi-initiative.at\/wp\/wp-json\/wp\/v2\/users\/4"}],"replies":[{"embeddable":true,"href":"https:\/\/ggi-initiative.at\/wp\/wp-json\/wp\/v2\/comments?post=21927"}],"version-history":[{"count":1,"href":"https:\/\/ggi-initiative.at\/wp\/wp-json\/wp\/v2\/pages\/21927\/revisions"}],"predecessor-version":[{"id":21928,"href":"https:\/\/ggi-initiative.at\/wp\/wp-json\/wp\/v2\/pages\/21927\/revisions\/21928"}],"wp:attachment":[{"href":"https:\/\/ggi-initiative.at\/wp\/wp-json\/wp\/v2\/media?parent=21927"}],"curies":[{"name":"wp","href":"https:\/\/api.w.org\/{rel}","templated":true}]}}