{"id":34987,"date":"2023-09-12T20:20:52","date_gmt":"2023-09-12T18:20:52","guid":{"rendered":"https:\/\/ggi-initiative.at\/wp\/?page_id=34987"},"modified":"2024-04-06T18:39:07","modified_gmt":"2024-04-06T16:39:07","slug":"pm-55-die-eskalation-der-sprache-oder-wie-schnell-sprache-zur-waffe-wird","status":"publish","type":"page","link":"https:\/\/ggi-initiative.at\/wp\/pm-55-die-eskalation-der-sprache-oder-wie-schnell-sprache-zur-waffe-wird\/","title":{"rendered":"PM: #55 Die Eskalation der Sprache \u2013 Oder: Wie schnell Sprache zur Waffe wird"},"content":{"rendered":"\n<p>Presseaussendung der GGI-Initiative am 12.09.2023<\/p>\n\n\n\n<p><strong>Die Eskalation der Sprache in Diskussionen seit 2020 ist alarmierend. Doch solch diffamierende Ausdr\u00fccke sind altbekannt. Wir sollten dar\u00fcber nachdenken, wie unsere Sprache Respekt und Verst\u00e4ndnis f\u00f6rdern kann, anstatt auf zunehmende Polarisierung zu setzen. Letztendlich haben wir alle ein Interesse an einem guten Miteinander. Zu diesem Thema haben wir auch ein Interview mit dem Journalisten und Wissenschaftsforscher Jan David Zimmermann gef\u00fchrt.<\/strong><\/p>\n\n\n\n<p>Corona-Leugner, Verschw\u00f6rungstheorie, Maskengegner, Corona-Verharmloser, Impfgegner, Ma\u00dfnahmengegner, Fake News, Krieg gegen das Virus, umstrittene Experten,&nbsp;&#8230; die Liste l\u00e4sst sich beliebig fortsetzen. Diese sprachlichen Eskalationen durften wir seit 2020 \u00fcber uns ergehen lassen.<\/p>\n\n\n\n<p>Aber sind diese totalit\u00e4ren Ausdr\u00fccke und Kampfbegriffe neu? Nein. Wenn wir uns ein wenig mit unserer Geschichte befassen, merken wir sehr schnell, dass diese Begrifflichkeiten schon mal da waren &#8211; und gut funktioniert haben.<\/p>\n\n\n\n<p>Aber haben wir uns nicht die letzten Jahrzehnte um <strong>mehr Respekt<\/strong> in der Sprache bem\u00fcht? Gerade <strong>Sprache<\/strong> ist so ein tolles Vehikel, um <strong>Achtsamkeit, Respekt und Wertsch\u00e4tzung<\/strong> in der Gesellschaft Raum zu geben.<\/p>\n\n\n\n<p>\u201eWelt und Wortschatz: sie bedingen einander\u201c, schreibt Jan D. Zimmermann in seinem Buch \u201eLethe \u2013 Vom Vergessen des Totalit\u00e4ren\u201c.<\/p>\n\n\n\n<h4 class=\"wp-block-heading\"><strong>Schauen wir in der Geschichte zur\u00fcck<\/strong><\/h4>\n\n\n\n<p>Ist das jetzt unser Umgang miteinander? Wollen wir wirklich so diffamierend und respektlos miteinander reden? Schaut leider ganz danach aus. Denn Corona ist ja f\u00fcr die meisten vorbei, die respektlose und diffamierende Sprache ist geblieben. Klimawandelleugner, Putin-Versteher,&#8230; &#8211; auch hier l\u00e4sst sich die Liste beliebig fortsetzen.<\/p>\n\n\n\n<p>Haben wir das nicht aus historischen \u00dcberlieferungen schon geh\u00f6rt? Klingt bei diversen Leugner-Zuschreibungen nicht die Holocaust-Leugnung mit?<\/p>\n\n\n\n<h4 class=\"wp-block-heading\"><strong>Die Nazikeule als Totschlagargument<\/strong><\/h4>\n\n\n\n<p>Wenn wir schon bei willk\u00fcrlichen Zuschreibungen sind: Warum werden Menschen, die Ma\u00dfnahmen des Staates infrage stellen, sofort dem <strong>rechten Eck<\/strong> zugeschrieben? War das nicht einmal eine Eigenschaft von linken B\u00fcrger*innen und dem Widerstand? Und warum wird die Ideologie Rechts bzw. Links ausschlie\u00dflich einem Thema zugeordnet, n\u00e4mlich dem Ausl\u00e4nderthema? Da gibt es doch noch viel mehr zu beachten. Wie steht es hier mit der Wirtschaft? Planwirtschaft versus Marktwirtschaft!<\/p>\n\n\n\n<h4 class=\"wp-block-heading\"><strong>Die Frage aller Fragen: Macht uns das gl\u00fccklich?<\/strong><\/h4>\n\n\n\n<p>Wenn wir uns die vielen Hasspostings, Diffamierungen und die wirklich abwertende Sprache anschauen, die in den Medien und leider auch in unserer derzeitigen Politik verwendet wird, merken wir, dass uns das als Menschheit nicht guttut. Es schw\u00e4cht uns, verh\u00e4rtet und verroht uns.<\/p>\n\n\n\n<p>An der <a rel=\"noreferrer noopener\" target=\"_blank\" href=\"https:\/\/www.adultdevelopmentstudy.org\/\">Harvard Study of Adult Development<\/a> wurde 85 Jahre zum <strong>Thema Gl\u00fcck<\/strong> geforscht. Es sind <strong>gute Beziehungen<\/strong>, die unser Gl\u00fccksempfinden pr\u00e4gen. Gute Beziehungen zu den verschiedensten Menschen sind das Fundament eines gl\u00fccklichen Lebens und einer gesunden Lebensweise.<\/p>\n\n\n\n<p>W\u00e4re es nicht toll, wenn wir uns in diesem Sinne aktiv zuh\u00f6ren, uns f\u00fcreinander wirklich interessieren, und eine wertsch\u00e4tzende und sch\u00f6ne Sprache verwenden, die dem Frieden und der Freude dient?<\/p>\n\n\n\n<p><em>In diesem Sinne: Die Grenzen meiner Sprache sind die Grenzen meiner Welt<\/em>. (Ludwig Wittgenstein)<\/p>\n\n\n\n<p><strong>Falls du Lust hast, mehr \u00fcber die Eskalation der Sprache zu erfahren: Wir haben ein <a href=\"https:\/\/www.youtube.com\/watch?v=H1-XZh5Y1lc\" target=\"_blank\" rel=\"noreferrer noopener\">Interview mit Jan D. Zimmermann<\/a> gef\u00fchrt, der sich diesem Thema widmet.<\/strong><\/p>\n\n\n\n<h4 class=\"wp-block-heading\">Siehe auch<\/h4>\n\n\n\n<ul class=\"wp-block-list\">\n<li>Presseaussendung vom 28.02.2023: <a href=\"https:\/\/ggi-initiative.at\/wp\/pm-7-fetzendeppert-der-verfall-von-respekt-und-achtung\/\" title=\"PM: #7 \u201cFetzendeppert\u201d \u2013 Der Verfall von Respekt und Achtung\">\u201cFetzendeppert\u201d \u2013 Der Verfall von Respekt und Achtung<\/a><\/li>\n\n\n\n<li>Presseaussendung vom 13.04.2023: <a href=\"https:\/\/ggi-initiative.at\/wp\/pm-18-von-covidioten-bis-klima-chaoten-die-macht-der-diffamierenden-sprache\/\" title=\"PM: #18 Von \u201cCovidioten\u201d bis \u201cKlima-Chaoten\u201d: Die Macht der diffamierenden Sprache\">Von \u201cCovidioten\u201d bis \u201cKlima-Chaoten\u201d: Die Macht der diffamierenden Sprache<\/a><\/li>\n\n\n\n<li>Presseaussendung vom 04.07.2023: <a href=\"https:\/\/ggi-initiative.at\/wp\/pm-40-manipulative-rhetorische-trickkiste-oe1-radiokolleg-auf-abwegen\/\" title=\"PM: #40 Manipulative, rhetorische Trickkiste \u2013 \u00d61 Radiokolleg auf Abwegen\">Manipulative, rhetorische Trickkiste \u2013 \u00d61 Radiokolleg auf Abwegen<\/a><\/li>\n<\/ul>\n","protected":false},"excerpt":{"rendered":"<p>Presseaussendung der GGI-Initiative am 12.09.2023 Die Eskalation der Sprache in Diskussionen seit [&hellip;]<\/p>\n","protected":false},"author":4,"featured_media":0,"parent":0,"menu_order":0,"comment_status":"open","ping_status":"closed","template":"","meta":{"footnotes":""},"class_list":["post-34987","page","type-page","status-publish","hentry"],"aioseo_notices":[],"_links":{"self":[{"href":"https:\/\/ggi-initiative.at\/wp\/wp-json\/wp\/v2\/pages\/34987","targetHints":{"allow":["GET"]}}],"collection":[{"href":"https:\/\/ggi-initiative.at\/wp\/wp-json\/wp\/v2\/pages"}],"about":[{"href":"https:\/\/ggi-initiative.at\/wp\/wp-json\/wp\/v2\/types\/page"}],"author":[{"embeddable":true,"href":"https:\/\/ggi-initiative.at\/wp\/wp-json\/wp\/v2\/users\/4"}],"replies":[{"embeddable":true,"href":"https:\/\/ggi-initiative.at\/wp\/wp-json\/wp\/v2\/comments?post=34987"}],"version-history":[{"count":1,"href":"https:\/\/ggi-initiative.at\/wp\/wp-json\/wp\/v2\/pages\/34987\/revisions"}],"predecessor-version":[{"id":34988,"href":"https:\/\/ggi-initiative.at\/wp\/wp-json\/wp\/v2\/pages\/34987\/revisions\/34988"}],"wp:attachment":[{"href":"https:\/\/ggi-initiative.at\/wp\/wp-json\/wp\/v2\/media?parent=34987"}],"curies":[{"name":"wp","href":"https:\/\/api.w.org\/{rel}","templated":true}]}}