{"id":36497,"date":"2024-02-29T20:04:35","date_gmt":"2024-02-29T19:04:35","guid":{"rendered":"https:\/\/ggi-initiative.at\/wp\/?page_id=36497"},"modified":"2024-02-29T20:06:40","modified_gmt":"2024-02-29T19:06:40","slug":"pm-103-die-ideologie-der-alternativlosigkeit","status":"publish","type":"page","link":"https:\/\/ggi-initiative.at\/wp\/pm-103-die-ideologie-der-alternativlosigkeit\/","title":{"rendered":"PM: #103 Krisenmanagement: Die Ideologie der Alternativlosigkeit"},"content":{"rendered":"\n<p>Presseaussendung der GGI-Initiative am 29.02.2024<\/p>\n\n\n\n<p><strong>&#8220;Alternativlos&#8221; wurde in Deutschland f\u00fcr das Jahr 2010 zum Unwort des Jahres gek\u00fcrt. In der Coronakrise holte man es wieder aus der Mottenkiste und rechtfertigte damit eine beispiellos grundrechtsfeindliche Politik. Doch nichts ist alternativlos &#8211; schon gar nicht in der Politik. Viele Alternativen h\u00e4tten uns besser durch die Coronajahre gebracht. Wer an Alternativlosigkeit glaubt, hat in der Politik nichts verloren.<\/strong><\/p>\n\n\n\n<p>\u201eAlternativlos\u201c war in den letzten Jahren ein allzu h\u00e4ufig gebrauchter Begriff. Und er ist \u2013 immer \u2013 unwahr. Denn es gibt immer Alternativen. In der Regel handelt es sich dabei um eine rhetorische Strategie, um Diskussionen oder Debatten \u00fcber alternative Ans\u00e4tze zu vermeiden und Unterst\u00fctzung f\u00fcr die vorgeschlagene Ma\u00dfnahme zu gewinnen. In der Politik wird der Begriff &#8220;alternativlos&#8221; dazu verwendet, politische Entscheidungen zu rechtfertigen, ohne ausreichend alternative Optionen zu pr\u00fcfen oder die Meinungen und Bedenken anderer zu ber\u00fccksichtigen. Genau dieses Verhalten ist zutiefst undemokratisch und zeugt von mangelndem L\u00f6sungswillen und fehlender Kreativit\u00e4t. Das systematische Erzeugen von Angst und Ohnmachtsgef\u00fchlen \u2013 auch mittels der Ideologie der \u201eAlternativlosigkeit\u201c \u2013 f\u00fchrt dazu, dass die B\u00fcrger zu Unterworfenen werden und von politischer Partizipation Abstand nehmen, wie Rainer Mausfeld in seinem Buch <em>&#8220;Angst und Macht: Herrschaftstechniken der Angsterzeugung<\/em>&#8221; erl\u00e4utert. Die Reden von Alternativlosigkeit zerst\u00f6ren den Diskurs. Politischer Dissens &#8211; wie in einer Demokratie unerl\u00e4sslich &#8211; wird dadurch zum Schweigen gebracht. Doch er verschwindet nicht, sondern \u00e4u\u00dfert sich in der Erstarkung anders positionierter Parteien, aus \u00dcberzeugung oder durch Proteststimmen.<\/p>\n\n\n\n<h4 class=\"wp-block-heading\"><strong>Die &#8220;alternativlosen&#8221; Ma\u00dfnahmen<\/strong><\/h4>\n\n\n\n<p>Es hie\u00df, der erste Lockdown w\u00e4re \u201ealternativlos\u201c gewesen. Am Beispiel Schweden jedoch zeigte sich: Er war es nicht. Tats\u00e4chlich war er ein gro\u00dfer Fehler, der mehr Schaden als Nutzen angerichtet hat. So schrieb auch der Standard im April 2020[1] <em>\u201eSicher ist, dass die Ma\u00dfnahmen alternativlos sind, weil Nichtstun uns alle noch um ein Vielfaches teurer kommen w\u00fcrde.\u201c<\/em> Diese Feststellung war damals mehr als fragw\u00fcrdig und gilt heute als widerlegt. Die Ma\u00dfnahmen kosteten zwischen 70 und 100 Milliarden Euro Steuergeld und leisteten einen wesentlichen Beitrag zur Inflation, welche in den Folgejahren gro\u00dfe Verm\u00f6gensbest\u00e4nde der \u00f6sterreichischen Bev\u00f6lkerung vernichtete.<\/p>\n\n\n\n<p>Ex-Kanzler Kurz bezeichnete im Winter 2020 die Kontaktbeschr\u00e4nkungen als alternativlos.[2] Bis heute fehlt jeglicher Nachweis einer Wirksamkeit derselben. Vielmehr weisen die Daten auf das Gegenteil hin.<\/p>\n\n\n\n<p>Zur Impfpflicht meinte M\u00fcckstein Ende November 2021, man habe die Impfpflicht nicht gewollt, sie sei aber <em>&#8220;leider alternativlos&#8221;<\/em>.[3] Tats\u00e4chlich wurde sie zwar beschlossen, aber nicht umgesetzt. Die Realit\u00e4t zeigte also, dass die Alternative &#8211; nichts zu tun &#8211; deutlich besser war.<\/p>\n\n\n\n<p>Der Sportmediziner J\u00fcrgen Scharhag sagte in einem Interview mit dem Kurier[4] im Dezember 2021 \u201eImpfen ist alternativlos.\u201c und bezog sich dabei auf Spitzensportler. Gerade im Spitzensport jedoch zeigte sich, dass besonders viele Herzmuskelentz\u00fcndungen durch Impfungen ausgel\u00f6st wurden. Der Tennisprofi Novak Djokovic hat trotz schwerwiegender beruflicher Konsequenzen auf die Impfung verzichtet und ist \u2013 wie viele, die standhaft blieben \u2013 heilfroh dar\u00fcber.<br>Die Liste der angeblich alternativlosen Ma\u00dfnahmen k\u00f6nnte noch lange fortgesetzt werden \u2013 alle mit dem gleichen Ergebnis in der retrospektiven Betrachtung.<\/p>\n\n\n\n<p>Die Rhetorik der Alternativlosigkeit wurde in <em>&#8220;Nach Corona&#8221;<\/em> &#8211; die von der Bundesregierung beauftragte Aufarbeitungsstudie &#8211; in der Fallstudie zur Impfpflicht immerhin zugegeben. Angemessen kritisiert wurde sie allerdings nicht, es handelte sich mehr um eine Feststellung. Welche M\u00e4ngel und Vers\u00e4umnisse mit dieser Verharmlosung einer Propaganda-Methode verkn\u00fcpft sind, haben wir in einer vergangenen Ausarbeitung thematisiert. [5]<\/p>\n\n\n\n<h4 class=\"wp-block-heading\"><strong>Learning f\u00fcr die Zukunft<\/strong><\/h4>\n\n\n\n<p>All diese vorgeblichen Alternativlosigkeiten haben sich in der R\u00fcckschau als Fehler erwiesen. Es h\u00e4tte zahlreiche, deutlich bessere und weniger invasive Alternativen gegeben \u2013 sie waren nur nicht gewollt.<\/p>\n\n\n\n<p><strong>Als Fazit bleibt:<\/strong> Wer Ma\u00dfnahmen als alternativlos bezeichnet, ist unserer Ansicht nach generell ungeeignet, politisch t\u00e4tig zu werden, oder eine Expertise abzugeben und sollte dementsprechend nicht in Verantwortung sein. Es zeugt lediglich von fehlendem Willen, mangelnder Kompetenz und Kreativit\u00e4t. Das sollte wohl ein Learning aus den letzten Jahren sein.<\/p>\n\n\n\n<hr class=\"wp-block-separator has-alpha-channel-opacity\"\/>\n\n\n\n<p>[1] <a href=\"https:\/\/www.derstandard.at\/story\/2000116883531\/milliarden-gegen-die-corona-krise-alternativlos-aber-teuer\" target=\"_blank\" rel=\"noreferrer noopener\">https:\/\/www.derstandard.at\/story\/2000116883531\/milliarden-gegen-die-corona-krise-alternativlos-aber-teuer<\/a><\/p>\n\n\n\n<p>[2] <a href=\"https:\/\/orf.at\/stories\/3192601\/\" target=\"_blank\" rel=\"noreferrer noopener\">https:\/\/orf.at\/stories\/3192601\/<\/a><\/p>\n\n\n\n<p>[3] <a href=\"https:\/\/www.sn.at\/politik\/innenpolitik\/impfpflicht-ist-leider-alternativlos-viele-fragen-noch-offen-113273617\" target=\"_blank\" rel=\"noreferrer noopener\">https:\/\/www.sn.at\/politik\/innenpolitik\/impfpflicht-ist-leider-alternativlos-viele-fragen-noch-offen-113273617<\/a><\/p>\n\n\n\n<p>[4] <a href=\"https:\/\/kurier.at\/sport\/mediziner-scharhag-ueber-sport-stars-und-corona-impfen-ist-alternativlos\/401833792\" target=\"_blank\" rel=\"noreferrer noopener\">https:\/\/kurier.at\/sport\/mediziner-scharhag-ueber-sport-stars-und-corona-impfen-ist-alternativlos\/401833792<\/a><\/p>\n\n\n\n<p>[5] Anonym. <em>Corona-Aufarbeitung: oberfl\u00e4chlich und verfehlt<\/em>. Gr\u00fcner Verein f\u00fcr Grundrechte und Informationsfreiheit, 2024. online: <a rel=\"noreferrer noopener\" target=\"_blank\" href=\"https:\/\/ggi-initiative.at\/wp\/pm-84-die-grosse-aufarbeitung-der-corona-krise-jahresrueckblick-teil-2\"><\/a><a rel=\"noreferrer noopener\" target=\"_blank\" href=\"https:\/\/ggi-initiative.at\/wp\/pm-86-corona-aufarbeitung-oberflaechlich-und-verfehlt\/\">https:\/\/ggi-initiative.at\/wp\/pm-86-corona-aufarbeitung-oberflaechlich-und-verfehlt<\/a><\/p>\n","protected":false},"excerpt":{"rendered":"<p>Presseaussendung der GGI-Initiative am 29.02.2024 &#8220;Alternativlos&#8221; wurde in Deutschland f\u00fcr das Jahr [&hellip;]<\/p>\n","protected":false},"author":4,"featured_media":0,"parent":0,"menu_order":0,"comment_status":"open","ping_status":"closed","template":"","meta":{"footnotes":""},"class_list":["post-36497","page","type-page","status-publish","hentry"],"aioseo_notices":[],"_links":{"self":[{"href":"https:\/\/ggi-initiative.at\/wp\/wp-json\/wp\/v2\/pages\/36497","targetHints":{"allow":["GET"]}}],"collection":[{"href":"https:\/\/ggi-initiative.at\/wp\/wp-json\/wp\/v2\/pages"}],"about":[{"href":"https:\/\/ggi-initiative.at\/wp\/wp-json\/wp\/v2\/types\/page"}],"author":[{"embeddable":true,"href":"https:\/\/ggi-initiative.at\/wp\/wp-json\/wp\/v2\/users\/4"}],"replies":[{"embeddable":true,"href":"https:\/\/ggi-initiative.at\/wp\/wp-json\/wp\/v2\/comments?post=36497"}],"version-history":[{"count":2,"href":"https:\/\/ggi-initiative.at\/wp\/wp-json\/wp\/v2\/pages\/36497\/revisions"}],"predecessor-version":[{"id":36500,"href":"https:\/\/ggi-initiative.at\/wp\/wp-json\/wp\/v2\/pages\/36497\/revisions\/36500"}],"wp:attachment":[{"href":"https:\/\/ggi-initiative.at\/wp\/wp-json\/wp\/v2\/media?parent=36497"}],"curies":[{"name":"wp","href":"https:\/\/api.w.org\/{rel}","templated":true}]}}