{"id":37617,"date":"2024-05-31T17:23:55","date_gmt":"2024-05-31T15:23:55","guid":{"rendered":"https:\/\/ggi-initiative.at\/wp\/?page_id=37617"},"modified":"2024-05-31T17:57:23","modified_gmt":"2024-05-31T15:57:23","slug":"rki-protokolle-youtube-sperrt-keynote-video-von-prof-homburg","status":"publish","type":"page","link":"https:\/\/ggi-initiative.at\/wp\/rki-protokolle-youtube-sperrt-keynote-video-von-prof-homburg\/","title":{"rendered":"RKI-Protokolle: YouTube sperrt Keynote-Video von Prof. Homburg"},"content":{"rendered":"\n<p><strong>Anl\u00e4sslich der ver\u00f6ffentlichten RKI-Protokolle fand am 07. Mai 2024 in Wien die restlos ausverkaufte Veranstaltung zur Aufarbeitung und Analyse der Corona-Ma\u00dfnahmen statt. Vor Ort waren namhafte Fachexpertinnen und -experten aus unterschiedlichen Bereichen. Zum Auftakt hielt Prof. Stefan Homburg eine Keynote mit dem Titel <em>\u201eEine Analyse der freigeklagten RKI-Protokolle\u201c<\/em>. Am 30.05.2024 ver\u00f6ffentlichte Homburg das Video auf YouTube. Weniger als 24 Stunden sp\u00e4ter wurde es bereits gesperrt.<\/strong><\/p>\n\n\n\n<h3 class=\"wp-block-heading\"><strong>YouTube verweigerte Ver\u00f6ffentlichung<\/strong><\/h3>\n\n\n\n<p><em>Wer schw\u00e4rzt, hat etwas zu verbergen<\/em>, so der Untertitel der Veranstaltung. Dies trifft nicht nur auf das RKI zu, sondern auch auf Online-Plattformen wie YouTube.<\/p>\n\n\n\n<p>Bereits zu Beginn kam es zu Problemen: Mit-Veranstalter Idealism Prevails konnte das Video von Prof. Stefan Homburgs Vortrag zu den RKI-Files nicht freischalten bzw. listen.YouTube verweigerte vorerst die Ver\u00f6ffentlichung mit der Begr\u00fcndung, es w\u00fcrde sich um einen <em>problematischen Inhalt <\/em>handeln. Erst nach mehreren Versuchen und \u00c4nderungen gelang die Freischaltung.<\/p>\n\n\n\n<p><\/p>\n\n\n\n<figure class=\"wp-block-embed is-type-video is-provider-youtube wp-block-embed-youtube wp-embed-aspect-16-9 wp-has-aspect-ratio\"><div class=\"wp-block-embed__wrapper\">\n<iframe title=\"&quot;Die RKI-Protokolle&quot; - Er\u00f6ffnungsvortrag von Prof. Dr. Stefan Homburg bei &quot;RKI-Files in Wien&quot;\" width=\"1170\" height=\"658\" src=\"https:\/\/www.youtube.com\/embed\/dpUVBjs62zY?feature=oembed\" frameborder=\"0\" allow=\"accelerometer; autoplay; clipboard-write; encrypted-media; gyroscope; picture-in-picture; web-share\" referrerpolicy=\"strict-origin-when-cross-origin\" allowfullscreen><\/iframe>\n<\/div><\/figure>\n\n\n\n<p><em>Der Vortrag ist hier (aktuell noch) in voller L\u00e4nge auf YouTube abrufbar:<\/em> <a href=\"https:\/\/www.youtube.com\/watch?v=dpUVBjs62zY\">https:\/\/www.youtube.com\/watch?v=dpUVBjs62zY<\/a><\/p>\n\n\n\n<h3 class=\"wp-block-heading\"><strong>Keynote auf Homburgs Kanal gel\u00f6scht<\/strong><\/h3>\n\n\n\n<p>Auch Prof. Stefan Homburg ver\u00f6ffentlichte das Video auf seinem Kanal. Binnen 24 Stunden wurde es von YouTube gel\u00f6scht. Der Grund: Der Inhalt w\u00fcrde gegen die YouTube \u201e<em>Richtlinien zur medizinischen Fehlinformation versto\u00dfen\u201c<\/em>.<\/p>\n\n\n\n<p>Diese schreiben n\u00e4mlich vor, dass nur Informationen verbreitet werden d\u00fcrfen, die nicht im <em>\u201eWiderspruch zu den Informationen der Weltgesundheitsorganisation (WHO) oder lokaler Gesundheitsbeh\u00f6rden\u201c<\/em> stehen.<\/p>\n\n\n\n<figure class=\"wp-block-image size-full\"><img fetchpriority=\"high\" decoding=\"async\" width=\"996\" height=\"560\" src=\"https:\/\/ggi-initiative.at\/wp\/wp-content\/uploads\/2024\/05\/Bildschirmfoto-2024-05-31-um-16.18.59.png\" alt=\"\" class=\"wp-image-37618\" srcset=\"https:\/\/ggi-initiative.at\/wp\/wp-content\/uploads\/2024\/05\/Bildschirmfoto-2024-05-31-um-16.18.59.png 996w, https:\/\/ggi-initiative.at\/wp\/wp-content\/uploads\/2024\/05\/Bildschirmfoto-2024-05-31-um-16.18.59-300x169.png 300w, https:\/\/ggi-initiative.at\/wp\/wp-content\/uploads\/2024\/05\/Bildschirmfoto-2024-05-31-um-16.18.59-768x432.png 768w, https:\/\/ggi-initiative.at\/wp\/wp-content\/uploads\/2024\/05\/Bildschirmfoto-2024-05-31-um-16.18.59-920x517.png 920w, https:\/\/ggi-initiative.at\/wp\/wp-content\/uploads\/2024\/05\/Bildschirmfoto-2024-05-31-um-16.18.59-230x129.png 230w, https:\/\/ggi-initiative.at\/wp\/wp-content\/uploads\/2024\/05\/Bildschirmfoto-2024-05-31-um-16.18.59-350x197.png 350w, https:\/\/ggi-initiative.at\/wp\/wp-content\/uploads\/2024\/05\/Bildschirmfoto-2024-05-31-um-16.18.59-480x270.png 480w\" sizes=\"(max-width: 996px) 100vw, 996px\" \/><\/figure>\n\n\n\n<p><em>Screenshot der Begr\u00fcndung von YouTube an Stefan Homburg<\/em><\/p>\n\n\n\n<p>Kurz gesagt: Die WHO und Gesundheitsbeh\u00f6rden geben vor, was als medizinische Wahrheit gilt. Alles andere wird auf YouTube gnadenlos zensiert. Das alleine ist im Sinne der Grundrechte schon mehr als bedenklich \u2013 besonders aber, wenn man bedenkt, wie oft sich diese Beh\u00f6rden in den letzten Jahren geirrt hatten, oder sogar bewusst Fehlinformationen verbreiteten \u2013 was nicht zuletzt die RKI-Files selbst beweisen.<\/p>\n\n\n\n<p>Auff\u00e4llig in diesem Zusammenhang ist jedenfalls, dass YouTube Ansto\u00df an den gezeigten RKI-Files nimmt. Dabei handelt es sich hier gerade um die Informationen des RKI<s>s<\/s>, also einer <em>lokalen Gesundheitsbeh\u00f6rde.<\/em><\/p>\n\n\n\n<p>Stefan Homburg selbst hat bereits rechtliche Schritte eingeleitet. Auf X (vormals Twitter) schreibt er: <em>&#8220;Mit der Wiederherstellung der Gesamtrede habe ich <\/em><a href=\"https:\/\/x.com\/Steinhoefel\"><em>@Steinhoefel<\/em><\/a><em> [Anm.: Joachim Steinh\u00f6fel] beauftragt.&#8221;<\/em><\/p>\n\n\n\n<figure class=\"wp-block-embed is-type-rich is-provider-twitter wp-block-embed-twitter\"><div class=\"wp-block-embed__wrapper\">\n<blockquote class=\"twitter-tweet\" data-width=\"550\" data-dnt=\"true\"><p lang=\"de\" dir=\"ltr\">YouTube hat meine Wiener Rede leider gel\u00f6scht und bem\u00e4ngelt, dass ich ein Protokoll zeige, in dem sich das RKI \u00fcber \u201eHerdenimmunit\u00e4t\u201d lustig macht.<br><br>Vorerst gibt es bei mir nur diesen Ausschnitt. Mit der Wiederherstellung der Gesamtrede habe ich <a href=\"https:\/\/twitter.com\/Steinhoefel?ref_src=twsrc%5Etfw\">@Steinhoefel<\/a> beauftragt. <a href=\"https:\/\/t.co\/VlGbqAMSEN\">https:\/\/t.co\/VlGbqAMSEN<\/a><\/p>&mdash; Stefan Homburg (@SHomburg) <a href=\"https:\/\/twitter.com\/SHomburg\/status\/1796444450660704685?ref_src=twsrc%5Etfw\">May 31, 2024<\/a><\/blockquote><script async src=\"https:\/\/platform.twitter.com\/widgets.js\" charset=\"utf-8\"><\/script>\n<\/div><\/figure>\n\n\n\n<h3 class=\"wp-block-heading\"><strong>Staaten beim Schutz der Meinungsfreiheit s\u00e4umig<\/strong><\/h3>\n\n\n\n<p>Problematisch ist hier das Vorgehen von YouTube, das sich als H\u00fcter \u00fcber Inhalte aufspielt, die gesetzlich zweifelsohne erlaubt sind.<br>Meinungs- und Informationsfreiheit sind verfassungsrechtlich gesch\u00fctzt. Zwar ist YouTube als privater Dienstleister nicht an die Grundrechte gebunden \u2013 sehr wohl sind aber die Staaten in der Pflicht, hier Regelungen zu erlassen, die die willk\u00fcrliche Einschr\u00e4nkung der Meinungs- und Informationsfreiheit durch Plattformen unterbinden. Dies ist nicht nur ein rechtliches \u201eSoll\u201c, sondern ein \u201eMuss\u201c.<\/p>\n\n\n\n<h3 class=\"wp-block-heading\"><strong>Neue Regelungen schr\u00e4nken Informationsfreiheit ein<\/strong><\/h3>\n\n\n\n<p>Die Staaten \u2013 und auch die EU \u2013 kommen hier ihren Verpflichtungen nicht nach. Im Gegenteil wird durch den Digital Services Act auf EU-Ebene die Unterdr\u00fcckung der Meinungs- und Informationsfreiheit sogar noch gef\u00f6rdert. In die gleiche Richtung gehen auch die &#8211; vorerst gescheiterten &#8211; neuen Vertragswerke der WHO. Auch hier ist ein sogenanntes <em>&#8220;Infodemic Management&#8221; <\/em>vorgesehen, welches die Meinungs- und Informationsfreiheit weiter einschr\u00e4nken soll.<\/p>\n\n\n\n<p><em>&#8220;Mit diesen Rechtsakten wird die Informationsfreiheit in einer Art und Weise beschnitten, welche die grundrechtliche Zul\u00e4ssigkeit l\u00e4ngst \u00fcberschreiten. Diese Entwicklungen gef\u00e4hrden die Demokratie, die freie Meinungsbildung und nicht zuletzt den Rechtsstaat&#8221;, <\/em>\u00e4u\u00dfert sich Madeleine Petrovic zu den Entwicklungen. <em>&#8220;Anstatt die Grundrechte zu sch\u00fctzen, werden sie sukzessive von den Verantwortlichen demontiert.&#8221;<\/em><\/p>\n\n\n\n<p><em>&#8220;Wir fordern die Verantwortlichen auf, Regelungen zum Schutz der Meinungsfreiheit auf Social-Media-Plattformen sicherzustellen&#8221;<\/em>, so Petrovic. <em>&#8220;Das ist nicht nur ein Wunsch von uns, sondern eine staatliche Verpflichtung, der endlich Folge geleistet werden muss, wenn man sich weiterhin als Rechtsstaat bezeichnen will.&#8221;<\/em><\/p>\n","protected":false},"excerpt":{"rendered":"<p>Anl\u00e4sslich der ver\u00f6ffentlichten RKI-Protokolle fand am 07. Mai 2024 in Wien die [&hellip;]<\/p>\n","protected":false},"author":2,"featured_media":0,"parent":0,"menu_order":0,"comment_status":"closed","ping_status":"closed","template":"","meta":{"footnotes":""},"class_list":["post-37617","page","type-page","status-publish","hentry"],"aioseo_notices":[],"_links":{"self":[{"href":"https:\/\/ggi-initiative.at\/wp\/wp-json\/wp\/v2\/pages\/37617","targetHints":{"allow":["GET"]}}],"collection":[{"href":"https:\/\/ggi-initiative.at\/wp\/wp-json\/wp\/v2\/pages"}],"about":[{"href":"https:\/\/ggi-initiative.at\/wp\/wp-json\/wp\/v2\/types\/page"}],"author":[{"embeddable":true,"href":"https:\/\/ggi-initiative.at\/wp\/wp-json\/wp\/v2\/users\/2"}],"replies":[{"embeddable":true,"href":"https:\/\/ggi-initiative.at\/wp\/wp-json\/wp\/v2\/comments?post=37617"}],"version-history":[{"count":3,"href":"https:\/\/ggi-initiative.at\/wp\/wp-json\/wp\/v2\/pages\/37617\/revisions"}],"predecessor-version":[{"id":37622,"href":"https:\/\/ggi-initiative.at\/wp\/wp-json\/wp\/v2\/pages\/37617\/revisions\/37622"}],"wp:attachment":[{"href":"https:\/\/ggi-initiative.at\/wp\/wp-json\/wp\/v2\/media?parent=37617"}],"curies":[{"name":"wp","href":"https:\/\/api.w.org\/{rel}","templated":true}]}}